{"id":10032,"date":"2017-01-12T00:00:59","date_gmt":"2017-01-11T23:00:59","guid":{"rendered":"http:\/\/barcevall.com\/ca\/aviso-legal\/"},"modified":"2017-01-12T10:32:06","modified_gmt":"2017-01-12T09:32:06","slug":"avis-legal","status":"publish","type":"page","link":"https:\/\/barcevall.com\/ca\/avis-legal\/","title":{"rendered":"Avis legal"},"content":{"rendered":"<p>[vc_row][vc_column][vc_column_text]<\/p>\n<p style=\"text-align: justify;\"><strong>POL\u00cdTICA DE PRIVACITAT<\/strong><\/p>\n<p style=\"text-align: justify;\">Les p\u00e0gines de barcevall.com s\u00f3n propietat de Barcevall SLU. (<strong>BARCEVALL<\/strong> d&#8217;ara en endavant) amb C.I.F B-59.083.659, domiciliada a Av Diagonal 537 6\u00bab 08029 Barcelona.<\/p>\n<p style=\"text-align: justify;\">Dades de Contacte: Tel\u00e8fon: + 34 977 24 44 23 Correu electr\u00f2nic: info@barcevall.com. Abans d&#8217;utilitzar els nostres serveis o utilitzar aquestes p\u00e0gines, llegiu el seg\u00fcent av\u00eds legal, tenint present que si continua utilitzant els nostres serveis o visitant aquestes p\u00e0gines acceptar\u00e0 impl\u00edcitament les condicions d&#8217;aquest av\u00eds legal.<\/p>\n<p style=\"text-align: justify;\">L&#8217;usuari es compromet a manipular aquestes p\u00e0gines acord al que estableix aquest av\u00eds legal. En cap cas, <strong>BARCEVALL<\/strong> ser\u00e0 responsable dels danys que pogu\u00e9s causar l&#8217;usuari per l&#8217;\u00fas erroni o indegut d&#8217;aquestes p\u00e0gines o de qualsevol servei o contingut derivat de les mateixes en relacions amb tercers, sent responsabilitat \u00fanica i exclusiva de l&#8217;USUARI d&#8217;aquestes p\u00e0gines. L&#8217;usuari assumir\u00e0 totes les despeses, costes i indemnitzacions que es puguin derivar de processos iniciats contra ell per incompliment del que estableix el present av\u00eds legal.<\/p>\n<p style=\"text-align: justify;\"><strong>BARCEVALL<\/strong> exposa que tota la informaci\u00f3 inclosa en aquestes p\u00e0gines pertany a contingut p\u00fablic recollit de p\u00e0gines web totalment obertes al p\u00fablic i que aquests reconeixen que s\u00f3n els \u00fanics responsables de la veracitat de les dades i es fan responsables de totes les accions que tercers puguin interposar per ra\u00f3 d&#8217;aquests.<\/p>\n<p style=\"text-align: justify;\">L&#8217;usuari no pot, excepte visualitzar les dades i imatges d&#8217;aquestes p\u00e0gines, realitzar cap tipus d&#8217;acci\u00f3 en relaci\u00f3 a tot el que s&#8217;ha exposat les mateixes sense l&#8217;autoritzaci\u00f3 expressa de <strong>BARCEVALL<\/strong>.<\/p>\n<p style=\"text-align: justify;\">L&#8217;USUARI, excepte autoritzaci\u00f3 pr\u00e8via, expressa i escrita de <strong>BARCEVALL<\/strong>, es compromet a utilitzar la informaci\u00f3 continguda en aquestes p\u00e0gines, exclusivament per a la seva visualitzaci\u00f3 ia no realitzar directament o indirectament una explotaci\u00f3 comercial dels serveis als quals t\u00e9 acc\u00e9s, aix\u00ed mateix, accepta no utilitzar, traslladar, mercantilitzar o disposar de la informaci\u00f3 inclosa en aquestes p\u00e0gines o serveis de manera que rivalitzi de manera deslleial amb <strong>BARCEVALL<\/strong> o qualsevol dels seus serveis relacionats.<\/p>\n<p style=\"text-align: justify;\">L&#8217;usuari es compromet a no utilitzar aquestes p\u00e0gines o els seus serveis i continguts de forma contr\u00e0ria al que disposa la legislaci\u00f3 vigent que sigui d&#8217;aplicaci\u00f3.<\/p>\n<p style=\"text-align: justify;\"><strong>BARCEVALL<\/strong> es reserva el dret a no concedir acc\u00e9s a serveis i continguts de la web quan aix\u00ed ho estimi segons la seva Pol\u00edtica Comercial. De la mateixa manera es reserva el dret a retirar l&#8217;acc\u00e9s a les seves p\u00e0gines, sense necessitat de previ av\u00eds, a qualsevol usuari que contravingui el disposat en aquest av\u00eds legal.<\/p>\n<p style=\"text-align: justify;\"><strong>PROPIETAT INTEL\u00b7LECTUAL I INDUSTRIAL<\/strong><\/p>\n<p style=\"text-align: justify;\"><strong>BARCEVALL<\/strong> \u00e9s titular dels drets de propietat industrial i intel\u00b7lectual dels elements que integren el disseny gr\u00e0fic de la seva p\u00e0gines, els men\u00fas, botons de navegaci\u00f3, el codi PHP i HTML, els applets de Java o JavaScript, els controls de ActiveX, els textos , imatges, textures, gr\u00e0fics i qualsevol altre contingut de la p\u00e0gina web o, en qualsevol cas, disposa de la corresponent autoritzaci\u00f3 per a la utilitzaci\u00f3 d&#8217;aquests elements. Aix\u00ed mateix, <strong>BARCEVALL<\/strong> \u00e9s titular dels drets de propietat industrial derivats de l&#8217;\u00fas de marques, signes distintius i noms comercials que figuren en qualsevol de les p\u00e0gines webs que integren <strong>BARCEVALL<\/strong> o disposa de la corresponent autoritzaci\u00f3 per a la seva utilitzaci\u00f3.<\/p>\n<p style=\"text-align: justify;\"><strong>BARCEVALL<\/strong> es reserva els drets de reproducci\u00f3, transformaci\u00f3, ajust, comunicaci\u00f3 p\u00fablica, manteniment, correcci\u00f3 d&#8217;errors, cessi\u00f3, venda, lloguer, pr\u00e9stec i qualsevol altre dret de propietat intel\u00b7lectual o industrial que pugui incumbir sobre els continguts de les seves p\u00e0gines.<\/p>\n<p style=\"text-align: justify;\">Qualsevol exercici dels anteriors drets, amb independ\u00e8ncia del mitj\u00e0 o forma en qu\u00e8 es produ\u00efssin, requereix autoritzaci\u00f3 pr\u00e8via i per escrit de <strong>BARCEVALL<\/strong>. En cap cas, <strong>BARCEVALL<\/strong> ser\u00e0 responsable de les possibles infraccions que en mat\u00e8ria de propietat intel\u00b7lectual o industrial pogu\u00e9s cometre qualsevol usuari dintre d&#8217;aquestes p\u00e0gines.<\/p>\n<p style=\"text-align: justify;\"><strong>BARCEVALL<\/strong>, els seus directius i empleats, socis, aix\u00ed com els seus agents no seran responsables de la veracitat, moralitat o fiabilitat de les dades o opinions aportades pels seus clients, aix\u00ed com tampoc es responsabilitzaran de qualsevol tipus d&#8217;opini\u00f3 o informaci\u00f3 que circuli per la xarxa .<\/p>\n<p style=\"text-align: justify;\"><strong>BARCEVALL<\/strong> seus directius i empleats, aix\u00ed com els seus agents no seran responsables de les possibles infraccions dels seus clients que afectin els drets d&#8217;un altre client o de tercers en mat\u00e8ria de drets de marques, patents, informaci\u00f3 confidencial o qualsevol altre dret de propietat intel\u00b7lectual o industrial.<\/p>\n<p style=\"text-align: justify;\"><strong>BARCEVALL<\/strong> garanteix el correcte funcionament de les seves p\u00e0gines, tot i que no es far\u00e0 responsable de cap dany que es generi a l&#8217;usuari oa tercers en cas d&#8217;impossibilitat de prestar servei a causa sup\u00f2sits de cas fortu\u00eft, for\u00e7a major o qualsevol altra causa imputable o no a <strong>BARCEVALL<\/strong> , o del mal funcionament temporal del sistema si respon a tasques de manteniment del mateix oa fallades que afectin a operadors oa una defectuosa configuraci\u00f3 dels equips de l&#8217;USUARI o per qualsevol altre problema imputable a l&#8217;equip de l&#8217;USUARI.<\/p>\n<p style=\"text-align: justify;\">El contingut d&#8217;aquest acord i de les nostres p\u00e0gines \u00e9s exclusivament per a majors de 18 anys.<\/p>\n<p style=\"text-align: justify;\"><strong>CONTINGUTS<\/strong><\/p>\n<p style=\"text-align: justify;\"><strong>BARCEVALL<\/strong> es reserva el dret a modificar el contingut i elements que integren les seves p\u00e0gines, sense necessitat de comunicar-ho pr\u00e8viament, quan ho consideri convenient d&#8217;acord amb l&#8217;exercici dels seus serveis.<\/p>\n<p style=\"text-align: justify;\"><strong>BARCEVALL<\/strong> no es responsabilitza de la integritat i veracitat del contingut dels enlla\u00e7os a les webs a les que pugui accedir-se des de la seva p\u00e0gina, ni d&#8217;aquells continguts que no hagin estat supervisats per <strong>BARCEVALL<\/strong>.<\/p>\n<p style=\"text-align: justify;\"><strong>BARCEVALL<\/strong> utilitza tots els mitjans de qu\u00e8 disposa per a no permetre la publicaci\u00f3 err\u00f2nia o no veritable de les dades que en les nostres p\u00e0gines no obstant aix\u00f2, <strong>BARCEVALL<\/strong> no garanteix la veracitat absoluta de tots els continguts de les seves p\u00e0gines, ja que aquests poden estar subjectes a algun tipus d&#8217;error i per tant no es poden prendre com una oferta contractual i s\u00f3n dades merament informatius i orientatius.<\/p>\n<p style=\"text-align: justify;\"><strong>BARCEVALL<\/strong> assenyala l&#8217;exist\u00e8ncia de &#8220;cookies&#8221; a la seva p\u00e0gina web.usuari que contravingui el disposat en AQUEST av\u00eds legal.<\/p>\n<p>[\/vc_column_text][\/vc_column][\/vc_row]<\/p>\n","protected":false},"excerpt":{"rendered":"<p>[vc_row][vc_column][vc_column_text] POL\u00cdTICA DE PRIVACITAT Les p\u00e0gines de barcevall.com s\u00f3n propietat de Barcevall SLU. (BARCEVALL d&#8217;ara en endavant) amb C.I.F B-59.083.659, domiciliada a Av Diagonal 537 6\u00bab 08029 Barcelona. Dades de Contacte: Tel\u00e8fon: + 34 977 24 44 23 Correu electr\u00f2nic: info@barcevall.com. Abans d&#8217;utilitzar els nostres serveis o utilitzar aquestes p\u00e0gines, llegiu el seg\u00fcent av\u00eds legal, &hellip; <a href=\"https:\/\/barcevall.com\/ca\/avis-legal\/\" class=\"more-link\">Continue reading <span class=\"screen-reader-text\">Avis legal<\/span> <span class=\"meta-nav\">&rarr;<\/span><\/a><\/p>\n","protected":false},"author":1,"featured_media":0,"parent":0,"menu_order":0,"comment_status":"closed","ping_status":"closed","template":"","meta":[],"_links":{"self":[{"href":"https:\/\/barcevall.com\/ca\/wp-json\/wp\/v2\/pages\/10032"}],"collection":[{"href":"https:\/\/barcevall.com\/ca\/wp-json\/wp\/v2\/pages"}],"about":[{"href":"https:\/\/barcevall.com\/ca\/wp-json\/wp\/v2\/types\/page"}],"author":[{"embeddable":true,"href":"https:\/\/barcevall.com\/ca\/wp-json\/wp\/v2\/users\/1"}],"replies":[{"embeddable":true,"href":"https:\/\/barcevall.com\/ca\/wp-json\/wp\/v2\/comments?post=10032"}],"version-history":[{"count":2,"href":"https:\/\/barcevall.com\/ca\/wp-json\/wp\/v2\/pages\/10032\/revisions"}],"predecessor-version":[{"id":10034,"href":"https:\/\/barcevall.com\/ca\/wp-json\/wp\/v2\/pages\/10032\/revisions\/10034"}],"wp:attachment":[{"href":"https:\/\/barcevall.com\/ca\/wp-json\/wp\/v2\/media?parent=10032"}],"curies":[{"name":"wp","href":"https:\/\/api.w.org\/{rel}","templated":true}]}}