{"id":10363,"date":"2022-09-21T16:21:37","date_gmt":"2022-09-21T14:21:37","guid":{"rendered":"https:\/\/barcevall.com\/ca\/?page_id=10363"},"modified":"2023-05-15T19:39:21","modified_gmt":"2023-05-15T17:39:21","slug":"inici","status":"publish","type":"page","link":"https:\/\/barcevall.com\/ca\/","title":{"rendered":"Inici"},"content":{"rendered":"<p>[vc_row][vc_column][rev_slider_vc alias=&#8221;slide01&#8243;][\/vc_column][\/vc_row][vc_row content_placement=&#8221;bottom&#8221; el_class=&#8221;slider-property-featured&#8221;][vc_row][vc_column][\/vc_column][\/vc_row][vc_row][vc_column][vc_empty_space height=&#8221;80px&#8221;][\/vc_column][\/vc_row][vc_section][vc_row][vc_column width=&#8221;1\/3&#8243;][vc_single_image image=&#8221;10413&#8243; img_size=&#8221;full&#8221; style=&#8221;vc_box_rounded&#8221; onclick=&#8221;custom_link&#8221; link=&#8221;https:\/\/barcevall.com\/ca\/pisos-apartaments-estudis-barcelona\/&#8221;][vc_custom_heading text=&#8221;Barcelona&#8221; use_theme_fonts=&#8221;yes&#8221;][vc_column_text]Propietats en lloguer a Barcelona[\/vc_column_text][\/vc_column][vc_column width=&#8221;1\/3&#8243;][vc_single_image image=&#8221;10414&#8243; img_size=&#8221;full&#8221; style=&#8221;vc_box_rounded&#8221; onclick=&#8221;custom_link&#8221; link=&#8221;https:\/\/barcevall.com\/ca\/pisos-apartaments-estudis-tarragona\/&#8221;][vc_custom_heading text=&#8221;Tarragona&#8221; use_theme_fonts=&#8221;yes&#8221;][vc_column_text]Propietats en lloguer a Tarragona[\/vc_column_text][\/vc_column][vc_column width=&#8221;1\/3&#8243;][vc_single_image image=&#8221;10422&#8243; img_size=&#8221;full&#8221; style=&#8221;vc_box_rounded&#8221; onclick=&#8221;custom_link&#8221; link=&#8221;https:\/\/barcevall.com\/ca\/pisos-apartaments-estudis-lleida\/&#8221;][vc_custom_heading text=&#8221;Lleida&#8221; use_theme_fonts=&#8221;yes&#8221;][vc_column_text]Propietats en lloguer a Lleida[\/vc_column_text][\/vc_column][\/vc_row][vc_row full_width=&#8221;stretch_row_content_no_spaces&#8221; isfullwidth=&#8221;0&#8243;][vc_column][vc_empty_space height=&#8221;80px&#8221;][\/vc_column][\/vc_row][\/vc_section][vc_row bgstyle=&#8221;bg-navy&#8221; css=&#8221;.vc_custom_1459927813349{margin-bottom: 70px !important;padding-top: 100px !important;padding-bottom: 100px !important;background-image: url(http:\/\/barcevall.com\/wp-content\/uploads\/2015\/06\/bg-4.png?id=8162) !important;background-position: center !important;background-repeat: no-repeat !important;background-size: cover !important;}&#8221;][vc_column width=&#8221;1\/4&#8243;][vc_cta h2=&#8221;PROFESSIONALITAT&#8221; h2_font_container=&#8221;font_size:14px|color:%23ffffff|line_height:24px&#8221; h2_google_fonts=&#8221;font_family:Montserrat%3Aregular%2C700|font_style:400%20regular%3A400%3Anormal&#8221; txt_align=&#8221;center&#8221; style=&#8221;custom&#8221; add_icon=&#8221;top&#8221; i_type=&#8221;material&#8221; i_icon_material=&#8221;vc-material vc-material-filter_1&#8243; i_size=&#8221;lg&#8221; i_colorstyle=&#8221;text-primary&#8221; use_custom_fonts_h2=&#8221;true&#8221; i_on_border=&#8221;true&#8221; i_color=&#8221;custom&#8221; custom_background=&#8221;rgba(255,255,255,0.01)&#8221; custom_text=&#8221;#bbbbbb&#8221; el_class=&#8221;text-gray&#8221;]A Barcevall som especialistes i professionals de l&#8217;arrendament residencial a Barcelona, Tarragona i Lleida[\/vc_cta][\/vc_column][vc_column width=&#8221;1\/4&#8243;][vc_cta h2=&#8221;SERIETAT&#8221; h2_font_container=&#8221;font_size:14px|color:%23ffffff|line_height:24px&#8221; h2_google_fonts=&#8221;font_family:Montserrat%3Aregular%2C700|font_style:400%20regular%3A400%3Anormal&#8221; txt_align=&#8221;center&#8221; style=&#8221;custom&#8221; add_icon=&#8221;top&#8221; i_type=&#8221;material&#8221; i_icon_material=&#8221;vc-material vc-material-filter_2&#8243; i_size=&#8221;lg&#8221; i_colorstyle=&#8221;text-primary&#8221; use_custom_fonts_h2=&#8221;true&#8221; i_on_border=&#8221;true&#8221; i_color=&#8221;&#8221; custom_background=&#8221;rgba(255,255,255,0.01)&#8221; custom_text=&#8221;#bbbbbb&#8221; el_class=&#8221;text-gray&#8221;]Des del 1989 administrant propietats. Seguim amb la mateixa filosofia de sempre, basada en la serietat, efic\u00e0cia i transpar\u00e8ncia[\/vc_cta][\/vc_column][vc_column width=&#8221;1\/4&#8243;][vc_cta h2=&#8221;EXPERI\u00c8NCIA&#8221; h2_font_container=&#8221;font_size:14px|color:%23ffffff|line_height:24px&#8221; h2_google_fonts=&#8221;font_family:Montserrat%3Aregular%2C700|font_style:400%20regular%3A400%3Anormal&#8221; txt_align=&#8221;center&#8221; style=&#8221;custom&#8221; add_icon=&#8221;top&#8221; i_type=&#8221;material&#8221; i_icon_material=&#8221;vc-material vc-material-filter_3&#8243; i_size=&#8221;lg&#8221; i_colorstyle=&#8221;text-primary&#8221; use_custom_fonts_h2=&#8221;true&#8221; i_on_border=&#8221;true&#8221; i_color=&#8221;&#8221; custom_background=&#8221;rgba(255,255,255,0.01)&#8221; custom_text=&#8221;#bbbbbb&#8221; el_class=&#8221;text-gray&#8221;]M\u00e9s de 27 anys d&#8217;experi\u00e8ncia ens avalen, tenint en compte les necessitats residencials del mercat i la demanda de l&#8217;usuari[\/vc_cta][\/vc_column][vc_column width=&#8221;1\/4&#8243;][vc_cta h2=&#8221;ATENCI\u00d3&#8221; h2_font_container=&#8221;font_size:14px|color:%23ffffff|line_height:24px&#8221; h2_google_fonts=&#8221;font_family:Montserrat%3Aregular%2C700|font_style:400%20regular%3A400%3Anormal&#8221; txt_align=&#8221;center&#8221; style=&#8221;custom&#8221; add_icon=&#8221;top&#8221; i_type=&#8221;material&#8221; i_icon_material=&#8221;vc-material vc-material-filter_4&#8243; i_size=&#8221;lg&#8221; i_colorstyle=&#8221;text-primary&#8221; use_custom_fonts_h2=&#8221;true&#8221; i_on_border=&#8221;true&#8221; i_color=&#8221;&#8221; custom_background=&#8221;rgba(255,255,255,0.01)&#8221; custom_text=&#8221;#bbbbbb&#8221; el_class=&#8221;text-gray&#8221;]Conservaci\u00f3, atenci\u00f3 i servei. A Barcevall oferim gratu\u00eftament a tots els nostres clients un manteniment integral[\/vc_cta][\/vc_column][\/vc_row][vc_row css=&#8221;.vc_custom_1458189164017{padding-top: 10px !important;}&#8221;][vc_column][pbr_title_heading title=&#8221;TESTIMONIS&#8221; descript=&#8221;Qu\u00e8 diuen els nostres clients?&#8221;][pbr_testimonials columns=&#8221;2&#8243;][\/vc_column][\/vc_row]<\/p>\n","protected":false},"excerpt":{"rendered":"<p>[vc_row][vc_column][rev_slider_vc alias=&#8221;slide01&#8243;][\/vc_column][\/vc_row][vc_row content_placement=&#8221;bottom&#8221; el_class=&#8221;slider-property-featured&#8221;][vc_row][vc_column][\/vc_column][\/vc_row][vc_row][vc_column][vc_empty_space height=&#8221;80px&#8221;][\/vc_column][\/vc_row][vc_section][vc_row][vc_column width=&#8221;1\/3&#8243;][vc_single_image image=&#8221;10413&#8243; img_size=&#8221;full&#8221; style=&#8221;vc_box_rounded&#8221; onclick=&#8221;custom_link&#8221; link=&#8221;https:\/\/barcevall.com\/ca\/pisos-apartaments-estudis-barcelona\/&#8221;][vc_custom_heading text=&#8221;Barcelona&#8221; use_theme_fonts=&#8221;yes&#8221;][vc_column_text]Propietats en lloguer a Barcelona[\/vc_column_text][\/vc_column][vc_column width=&#8221;1\/3&#8243;][vc_single_image image=&#8221;10414&#8243; img_size=&#8221;full&#8221; style=&#8221;vc_box_rounded&#8221; onclick=&#8221;custom_link&#8221; link=&#8221;https:\/\/barcevall.com\/ca\/pisos-apartaments-estudis-tarragona\/&#8221;][vc_custom_heading text=&#8221;Tarragona&#8221; use_theme_fonts=&#8221;yes&#8221;][vc_column_text]Propietats en lloguer a Tarragona[\/vc_column_text][\/vc_column][vc_column width=&#8221;1\/3&#8243;][vc_single_image image=&#8221;10422&#8243; img_size=&#8221;full&#8221; style=&#8221;vc_box_rounded&#8221; onclick=&#8221;custom_link&#8221; link=&#8221;https:\/\/barcevall.com\/ca\/pisos-apartaments-estudis-lleida\/&#8221;][vc_custom_heading text=&#8221;Lleida&#8221; use_theme_fonts=&#8221;yes&#8221;][vc_column_text]Propietats en lloguer a Lleida[\/vc_column_text][\/vc_column][\/vc_row][vc_row full_width=&#8221;stretch_row_content_no_spaces&#8221; isfullwidth=&#8221;0&#8243;][vc_column][vc_empty_space height=&#8221;80px&#8221;][\/vc_column][\/vc_row][\/vc_section][vc_row bgstyle=&#8221;bg-navy&#8221; css=&#8221;.vc_custom_1459927813349{margin-bottom: 70px !important;padding-top: 100px !important;padding-bottom: 100px !important;background-image: url(http:\/\/barcevall.com\/wp-content\/uploads\/2015\/06\/bg-4.png?id=8162) !important;background-position: center &hellip; <a href=\"https:\/\/barcevall.com\/ca\/\" class=\"more-link\">Continue reading <span class=\"screen-reader-text\">Inici<\/span> <span class=\"meta-nav\">&rarr;<\/span><\/a><\/p>\n","protected":false},"author":1,"featured_media":0,"parent":0,"menu_order":0,"comment_status":"closed","ping_status":"closed","template":"","meta":[],"_links":{"self":[{"href":"https:\/\/barcevall.com\/ca\/wp-json\/wp\/v2\/pages\/10363"}],"collection":[{"href":"https:\/\/barcevall.com\/ca\/wp-json\/wp\/v2\/pages"}],"about":[{"href":"https:\/\/barcevall.com\/ca\/wp-json\/wp\/v2\/types\/page"}],"author":[{"embeddable":true,"href":"https:\/\/barcevall.com\/ca\/wp-json\/wp\/v2\/users\/1"}],"replies":[{"embeddable":true,"href":"https:\/\/barcevall.com\/ca\/wp-json\/wp\/v2\/comments?post=10363"}],"version-history":[{"count":10,"href":"https:\/\/barcevall.com\/ca\/wp-json\/wp\/v2\/pages\/10363\/revisions"}],"predecessor-version":[{"id":10509,"href":"https:\/\/barcevall.com\/ca\/wp-json\/wp\/v2\/pages\/10363\/revisions\/10509"}],"wp:attachment":[{"href":"https:\/\/barcevall.com\/ca\/wp-json\/wp\/v2\/media?parent=10363"}],"curies":[{"name":"wp","href":"https:\/\/api.w.org\/{rel}","templated":true}]}}