{"id":9776,"date":"2015-06-24T07:03:31","date_gmt":"2015-06-24T07:03:31","guid":{"rendered":"http:\/\/barcevall.com\/ca\/home-market-2\/"},"modified":"2022-09-21T16:37:41","modified_gmt":"2022-09-21T14:37:41","slug":"home-market-2","status":"publish","type":"page","link":"https:\/\/barcevall.com\/ca\/home-market-2\/","title":{"rendered":"Inici2"},"content":{"rendered":"<p>[vc_row][vc_column][rev_slider_vc alias=&#8221;slide01&#8243;][\/vc_column][\/vc_row][vc_row content_placement=&#8221;bottom&#8221; el_class=&#8221;slider-property-featured&#8221;][vc_column width=&#8221;1\/3&#8243;][\/vc_column][vc_column width=&#8221;1\/3&#8243; css=&#8221;.vc_custom_1468551784903{margin-right: -30px !important;}&#8221;][\/vc_column][vc_column width=&#8221;1\/3&#8243;][\/vc_column][\/vc_row][vc_row css=&#8221;.vc_custom_1482403815208{padding-top: 0px !important;}&#8221;][vc_column][vc_row_inner content_placement=&#8221;middle&#8221;][vc_column_inner width=&#8221;1\/3&#8243;][vc_btn title=&#8221;TARRAGONA&#8221; style=&#8221;3d&#8221; color=&#8221;primary&#8221; align=&#8221;center&#8221; i_icon_fontawesome=&#8221;fa fa-home&#8221; button_block=&#8221;true&#8221; add_icon=&#8221;true&#8221; css=&#8221;.vc_custom_1483959390432{padding-top: 0px !important;}&#8221; link=&#8221;url:http%3A%2F%2Fbarcevall.com%2Fca%2Fpisos-apartaments-estudis-tarragona%2F|||&#8221;][\/vc_column_inner][vc_column_inner width=&#8221;1\/3&#8243;][vc_btn title=&#8221;BARCELONA&#8221; style=&#8221;3d&#8221; color=&#8221;primary&#8221; align=&#8221;center&#8221; i_icon_fontawesome=&#8221;fa fa-home&#8221; button_block=&#8221;true&#8221; add_icon=&#8221;true&#8221; css=&#8221;.vc_custom_1483959419772{padding-top: 0px !important;}&#8221; link=&#8221;url:http%3A%2F%2Fbarcevall.com%2Fca%2Fpisos-apartaments-estudis-barcelona%2F|||&#8221;][\/vc_column_inner][vc_column_inner width=&#8221;1\/3&#8243;][vc_btn title=&#8221;LLEIDA&#8221; style=&#8221;3d&#8221; color=&#8221;primary&#8221; align=&#8221;center&#8221; i_icon_fontawesome=&#8221;fa fa-home&#8221; button_block=&#8221;true&#8221; add_icon=&#8221;true&#8221; css=&#8221;.vc_custom_1483959445724{padding-top: 0px !important;}&#8221; link=&#8221;url:http%3A%2F%2Fbarcevall.com%2Fca%2Fpisos-apartaments-estudis-lleida%2F|||&#8221;][\/vc_column_inner][\/vc_row_inner][vc_separator color=&#8221;white&#8221;][pbr_estate_grid_property column=&#8221;3&#8243; limit=&#8221;10&#8243; opalestate_location=&#8221;munich&#8221;][\/vc_column][\/vc_row][vc_row bgstyle=&#8221;bg-navy&#8221; css=&#8221;.vc_custom_1459927813349{margin-bottom: 70px !important;padding-top: 100px !important;padding-bottom: 100px !important;background-image: url(http:\/\/barcevall.com\/wp-content\/uploads\/2015\/06\/bg-4.png?id=8162) !important;background-position: center !important;background-repeat: no-repeat !important;background-size: cover !important;}&#8221;][vc_column width=&#8221;1\/4&#8243;][vc_cta h2=&#8221;PROFESIONALITAT&#8221; h2_font_container=&#8221;font_size:14px|color:%23ffffff|line_height:24px&#8221; h2_google_fonts=&#8221;font_family:Montserrat%3Aregular%2C700|font_style:400%20regular%3A400%3Anormal&#8221; txt_align=&#8221;center&#8221; style=&#8221;custom&#8221; add_icon=&#8221;top&#8221; i_type=&#8221;material&#8221; i_icon_material=&#8221;vc-material vc-material-filter_1&#8243; i_size=&#8221;lg&#8221; i_colorstyle=&#8221;text-primary&#8221; use_custom_fonts_h2=&#8221;true&#8221; i_on_border=&#8221;true&#8221; i_color=&#8221;custom&#8221; custom_background=&#8221;rgba(255,255,255,0.01)&#8221; custom_text=&#8221;#bbbbbb&#8221; el_class=&#8221;text-gray&#8221;]A Barcevall som especialistes i professionals de l&#8217;arrendament residencial a Barcelona, Tarragona i Lleida[\/vc_cta][\/vc_column][vc_column width=&#8221;1\/4&#8243;][vc_cta h2=&#8221;SERIETAT&#8221; h2_font_container=&#8221;font_size:14px|color:%23ffffff|line_height:24px&#8221; h2_google_fonts=&#8221;font_family:Montserrat%3Aregular%2C700|font_style:400%20regular%3A400%3Anormal&#8221; txt_align=&#8221;center&#8221; style=&#8221;custom&#8221; add_icon=&#8221;top&#8221; i_type=&#8221;material&#8221; i_icon_material=&#8221;vc-material vc-material-filter_2&#8243; i_size=&#8221;lg&#8221; i_colorstyle=&#8221;text-primary&#8221; use_custom_fonts_h2=&#8221;true&#8221; i_on_border=&#8221;true&#8221; i_color=&#8221;&#8221; custom_background=&#8221;rgba(255,255,255,0.01)&#8221; custom_text=&#8221;#bbbbbb&#8221; el_class=&#8221;text-gray&#8221;]Des de 1989 administrant propietats. Seguim amb la mateixa filosofia de sempre, basada en la serietat, efic\u00e0cia i transpar\u00e8ncia[\/vc_cta][\/vc_column][vc_column width=&#8221;1\/4&#8243;][vc_cta h2=&#8221;EXPERI\u00c8NCIA&#8221; h2_font_container=&#8221;font_size:14px|color:%23ffffff|line_height:24px&#8221; h2_google_fonts=&#8221;font_family:Montserrat%3Aregular%2C700|font_style:400%20regular%3A400%3Anormal&#8221; txt_align=&#8221;center&#8221; style=&#8221;custom&#8221; add_icon=&#8221;top&#8221; i_type=&#8221;material&#8221; i_icon_material=&#8221;vc-material vc-material-filter_3&#8243; i_size=&#8221;lg&#8221; i_colorstyle=&#8221;text-primary&#8221; use_custom_fonts_h2=&#8221;true&#8221; i_on_border=&#8221;true&#8221; i_color=&#8221;&#8221; custom_background=&#8221;rgba(255,255,255,0.01)&#8221; custom_text=&#8221;#bbbbbb&#8221; el_class=&#8221;text-gray&#8221;]M\u00e9s de 27 anys d&#8217;experi\u00e8ncia ens avalen, atenent les necessitats residencials del mercat i la demanda de l&#8217;usuari[\/vc_cta][\/vc_column][vc_column width=&#8221;1\/4&#8243;][vc_cta h2=&#8221;ATENCI\u00d3&#8221; h2_font_container=&#8221;font_size:14px|color:%23ffffff|line_height:24px&#8221; h2_google_fonts=&#8221;font_family:Montserrat%3Aregular%2C700|font_style:400%20regular%3A400%3Anormal&#8221; txt_align=&#8221;center&#8221; style=&#8221;custom&#8221; add_icon=&#8221;top&#8221; i_type=&#8221;material&#8221; i_icon_material=&#8221;vc-material vc-material-filter_4&#8243; i_size=&#8221;lg&#8221; i_colorstyle=&#8221;text-primary&#8221; use_custom_fonts_h2=&#8221;true&#8221; i_on_border=&#8221;true&#8221; i_color=&#8221;&#8221; custom_background=&#8221;rgba(255,255,255,0.01)&#8221; custom_text=&#8221;#bbbbbb&#8221; el_class=&#8221;text-gray&#8221;]Conservaci\u00f3, atenci\u00f3 i servei. A Barcevall oferim gratu\u00eftament a tots els nostres clients un manteniment integral[\/vc_cta][\/vc_column][\/vc_row][vc_row css=&#8221;.vc_custom_1458189164017{padding-top: 10px !important;}&#8221;][vc_column][pbr_title_heading title=&#8221;TESTIMONIS&#8221; descript=&#8221;Qu\u00e8 diuen els nostres clients?&#8221;][pbr_testimonials columns=&#8221;2&#8243;][\/vc_column][\/vc_row]<\/p>\n","protected":false},"excerpt":{"rendered":"<p>[vc_row][vc_column][rev_slider_vc alias=&#8221;slide01&#8243;][\/vc_column][\/vc_row][vc_row content_placement=&#8221;bottom&#8221; el_class=&#8221;slider-property-featured&#8221;][vc_column width=&#8221;1\/3&#8243;][\/vc_column][vc_column width=&#8221;1\/3&#8243; css=&#8221;.vc_custom_1468551784903{margin-right: -30px !important;}&#8221;][\/vc_column][vc_column width=&#8221;1\/3&#8243;][\/vc_column][\/vc_row][vc_row css=&#8221;.vc_custom_1482403815208{padding-top: 0px !important;}&#8221;][vc_column][vc_row_inner content_placement=&#8221;middle&#8221;][vc_column_inner width=&#8221;1\/3&#8243;][vc_btn title=&#8221;TARRAGONA&#8221; style=&#8221;3d&#8221; color=&#8221;primary&#8221; align=&#8221;center&#8221; i_icon_fontawesome=&#8221;fa fa-home&#8221; button_block=&#8221;true&#8221; add_icon=&#8221;true&#8221; css=&#8221;.vc_custom_1483959390432{padding-top: 0px !important;}&#8221; link=&#8221;url:http%3A%2F%2Fbarcevall.com%2Fca%2Fpisos-apartaments-estudis-tarragona%2F|||&#8221;][\/vc_column_inner][vc_column_inner width=&#8221;1\/3&#8243;][vc_btn title=&#8221;BARCELONA&#8221; style=&#8221;3d&#8221; color=&#8221;primary&#8221; align=&#8221;center&#8221; i_icon_fontawesome=&#8221;fa fa-home&#8221; button_block=&#8221;true&#8221; add_icon=&#8221;true&#8221; css=&#8221;.vc_custom_1483959419772{padding-top: 0px !important;}&#8221; link=&#8221;url:http%3A%2F%2Fbarcevall.com%2Fca%2Fpisos-apartaments-estudis-barcelona%2F|||&#8221;][\/vc_column_inner][vc_column_inner width=&#8221;1\/3&#8243;][vc_btn title=&#8221;LLEIDA&#8221; style=&#8221;3d&#8221; color=&#8221;primary&#8221; align=&#8221;center&#8221; i_icon_fontawesome=&#8221;fa fa-home&#8221; button_block=&#8221;true&#8221; add_icon=&#8221;true&#8221; css=&#8221;.vc_custom_1483959445724{padding-top: 0px !important;}&#8221; link=&#8221;url:http%3A%2F%2Fbarcevall.com%2Fca%2Fpisos-apartaments-estudis-lleida%2F|||&#8221;][\/vc_column_inner][\/vc_row_inner][vc_separator color=&#8221;white&#8221;][pbr_estate_grid_property column=&#8221;3&#8243; &hellip; <a href=\"https:\/\/barcevall.com\/ca\/home-market-2\/\" class=\"more-link\">Continue reading <span class=\"screen-reader-text\">Inici2<\/span> <span class=\"meta-nav\">&rarr;<\/span><\/a><\/p>\n","protected":false},"author":1,"featured_media":0,"parent":0,"menu_order":0,"comment_status":"closed","ping_status":"closed","template":"","meta":[],"_links":{"self":[{"href":"https:\/\/barcevall.com\/ca\/wp-json\/wp\/v2\/pages\/9776"}],"collection":[{"href":"https:\/\/barcevall.com\/ca\/wp-json\/wp\/v2\/pages"}],"about":[{"href":"https:\/\/barcevall.com\/ca\/wp-json\/wp\/v2\/types\/page"}],"author":[{"embeddable":true,"href":"https:\/\/barcevall.com\/ca\/wp-json\/wp\/v2\/users\/1"}],"replies":[{"embeddable":true,"href":"https:\/\/barcevall.com\/ca\/wp-json\/wp\/v2\/comments?post=9776"}],"version-history":[{"count":9,"href":"https:\/\/barcevall.com\/ca\/wp-json\/wp\/v2\/pages\/9776\/revisions"}],"predecessor-version":[{"id":10376,"href":"https:\/\/barcevall.com\/ca\/wp-json\/wp\/v2\/pages\/9776\/revisions\/10376"}],"wp:attachment":[{"href":"https:\/\/barcevall.com\/ca\/wp-json\/wp\/v2\/media?parent=9776"}],"curies":[{"name":"wp","href":"https:\/\/api.w.org\/{rel}","templated":true}]}}