{"id":9919,"date":"2017-01-08T11:14:44","date_gmt":"2017-01-08T10:14:44","guid":{"rendered":"http:\/\/barcevall.com\/ca\/?page_id=9919"},"modified":"2017-01-08T12:09:18","modified_gmt":"2017-01-08T11:09:18","slug":"sobre-nosaltres","status":"publish","type":"page","link":"https:\/\/barcevall.com\/ca\/sobre-nosaltres\/","title":{"rendered":"Sobre nosaltres"},"content":{"rendered":"<p>[vc_row css=&#8221;.vc_custom_1483873427941{margin-top: -60px !important;padding-top: 40px !important;}&#8221;][vc_column width=&#8221;7\/12&#8243;][pbr_title_heading title=&#8221;Qui som?&#8221; descript=&#8221;Especialistes en l&#8217;arrendament residencial.&#8221; style=&#8221;style-2&#8243;][vc_column_text]<\/p>\n<p style=\"text-align: justify;\">BARCEVALL SLU en una societat patrimonial constitu\u00efda l&#8217;any 1989. Inicia les seves activitats a Barcelona, estenent-les posteriorment a les ciutats de Tarragona i Lleida.<\/p>\n<p style=\"text-align: justify;\">Despr\u00e9s de m\u00e9s de 27 anys d&#8217;experi\u00e8ncia, atenent les necessitats residencials del mercat i la demanda de l&#8217;usuari, ens hem especialitzat en l&#8217;atenci\u00f3 personalitzada del client residencial.<\/p>\n<p style=\"text-align: justify;\">Conservaci\u00f3, atenci\u00f3 i servei, constitueixen l&#8217;eix del nostre treball. Aix\u00f2 ens obliga a oferir gratu\u00eftament a tots els nostres clients, el manteniment integral dels habitatges arrendats, durant el seu per\u00edode contractual.<\/p>\n<p style=\"text-align: justify;\">Experi\u00e8ncia, equip i m\u00ednima estructura ens permeten aix\u00ed mateix oferir uns lloguers inferiors al mercat actual.<\/p>\n<p>[\/vc_column_text][\/vc_column][vc_column width=&#8221;5\/12&#8243;][vc_single_image image=&#8221;9871&#8243; img_size=&#8221;full&#8221;][\/vc_column][\/vc_row][vc_row css=&#8221;.vc_custom_1483873230705{padding-top: 70px !important;padding-bottom: 20px !important;background-color: #f4f4f4 !important;}&#8221;][vc_column][vc_row_inner][vc_column_inner][pbr_title_heading title=&#8221;Qu\u00e8 oferim?&#8221; style=&#8221;style-2&#8243;][\/vc_column_inner][\/vc_row_inner][vc_row_inner][vc_column_inner width=&#8221;1\/3&#8243;][vc_cta h2=&#8221;VIVENDES&#8221; h2_font_container=&#8221;font_size:14px|color:%23000000|line_height:14px&#8221; h2_google_fonts=&#8221;font_family:Montserrat%3Aregular%2C700|font_style:400%20regular%3A400%3Anormal&#8221; style=&#8221;custom&#8221; add_icon=&#8221;left&#8221; i_icon_fontawesome=&#8221;fa fa-search&#8221; i_background_style=&#8221;rounded&#8221; i_size=&#8221;sm&#8221; i_colorstyle=&#8221;text-white&#8221; i_bgicon_style=&#8221;bg-primary&#8221; use_custom_fonts_h2=&#8221;true&#8221; el_class=&#8221;line-height-30p&#8221; css=&#8221;.vc_custom_1483873685514{background-color: #f4f4f4 !important;}&#8221;]Si busques un habitatge amb totes les comoditats i llesta per entrar a viure nosaltres te la oferim.[\/vc_cta][\/vc_column_inner][vc_column_inner width=&#8221;1\/3&#8243;][vc_cta h2=&#8221;EXPERI\u00c8NCIA&#8221; h2_font_container=&#8221;font_size:14px|color:%23000000|line_height:14px&#8221; h2_google_fonts=&#8221;font_family:Montserrat%3Aregular%2C700|font_style:400%20regular%3A400%3Anormal&#8221; style=&#8221;custom&#8221; add_icon=&#8221;left&#8221; i_icon_fontawesome=&#8221;fa fa-thumbs-o-up&#8221; i_background_style=&#8221;rounded&#8221; i_size=&#8221;sm&#8221; i_colorstyle=&#8221;text-white&#8221; i_bgicon_style=&#8221;bg-primary&#8221; use_custom_fonts_h2=&#8221;true&#8221; el_class=&#8221;line-height-30p&#8221; css=&#8221;.vc_custom_1483873700715{background-color: #f4f4f4 !important;}&#8221;]M\u00e9s de 27 anys d&#8217;experi\u00e8ncia atenent les necessitats residencials del mercat i dels usuaris.[\/vc_cta][\/vc_column_inner][vc_column_inner width=&#8221;1\/3&#8243;][vc_cta h2=&#8221;PREU&#8221; h2_font_container=&#8221;font_size:14px|color:%23000000|line_height:14px&#8221; h2_google_fonts=&#8221;font_family:Montserrat%3Aregular%2C700|font_style:400%20regular%3A400%3Anormal&#8221; style=&#8221;custom&#8221; add_icon=&#8221;left&#8221; i_icon_fontawesome=&#8221;fa fa-money&#8221; i_background_style=&#8221;rounded&#8221; i_size=&#8221;sm&#8221; i_colorstyle=&#8221;text-white&#8221; i_bgicon_style=&#8221;bg-primary&#8221; use_custom_fonts_h2=&#8221;true&#8221; el_class=&#8221;line-height-30p&#8221; css=&#8221;.vc_custom_1483873714697{background-color: #f4f4f4 !important;}&#8221;]A Barcevall oferim lloguers molt inferiors respecte als lloguers que trobem al mercat actualment.[\/vc_cta][\/vc_column_inner][\/vc_row_inner][vc_row_inner][vc_column_inner width=&#8221;1\/3&#8243;][vc_cta h2=&#8221;MANTENIMENT&#8221; h2_font_container=&#8221;font_size:14px|color:%23000000|line_height:14px&#8221; h2_google_fonts=&#8221;font_family:Montserrat%3Aregular%2C700|font_style:400%20regular%3A400%3Anormal&#8221; style=&#8221;custom&#8221; add_icon=&#8221;left&#8221; i_icon_fontawesome=&#8221;fa fa-building-o&#8221; i_background_style=&#8221;rounded&#8221; i_size=&#8221;sm&#8221; i_colorstyle=&#8221;text-white&#8221; i_bgicon_style=&#8221;bg-primary&#8221; use_custom_fonts_h2=&#8221;true&#8221; el_class=&#8221;line-height-30p&#8221; css=&#8221;.vc_custom_1483873727364{background-color: #f4f4f4 !important;}&#8221;]Oferim de manera gratu\u00efta als nostres clients el manteniment integral dels habitatges arrendades.[\/vc_cta][\/vc_column_inner][vc_column_inner width=&#8221;1\/3&#8243;][vc_cta h2=&#8221;ATENCI\u00d3&#8221; h2_font_container=&#8221;font_size:14px|color:%23000000|line_height:14px&#8221; h2_google_fonts=&#8221;font_family:Montserrat%3Aregular%2C700|font_style:400%20regular%3A400%3Anormal&#8221; style=&#8221;custom&#8221; add_icon=&#8221;left&#8221; i_icon_fontawesome=&#8221;fa fa-smile-o&#8221; i_background_style=&#8221;rounded&#8221; i_size=&#8221;sm&#8221; i_colorstyle=&#8221;text-white&#8221; i_bgicon_style=&#8221;bg-primary&#8221; use_custom_fonts_h2=&#8221;true&#8221; el_class=&#8221;line-height-30p&#8221; css=&#8221;.vc_custom_1483873739572{background-color: #f4f4f4 !important;}&#8221;]Ens hem especialitzat en l&#8217;atenci\u00f3 personalitzada del client residencial i en les seves necessitats.[\/vc_cta][\/vc_column_inner][vc_column_inner width=&#8221;1\/3&#8243;][vc_cta h2=&#8221;SITUACI\u00d3&#8221; h2_font_container=&#8221;font_size:14px|color:%23000000|line_height:14px&#8221; h2_google_fonts=&#8221;font_family:Montserrat%3Aregular%2C700|font_style:400%20regular%3A400%3Anormal&#8221; style=&#8221;custom&#8221; add_icon=&#8221;left&#8221; i_icon_fontawesome=&#8221;fa fa-map-o&#8221; i_background_style=&#8221;rounded&#8221; i_size=&#8221;sm&#8221; i_colorstyle=&#8221;text-white&#8221; i_bgicon_style=&#8221;bg-primary&#8221; use_custom_fonts_h2=&#8221;true&#8221; el_class=&#8221;line-height-30p&#8221; css=&#8221;.vc_custom_1483873752466{background-color: #f4f4f4 !important;}&#8221;]Oferim diferents models d&#8217;habitatges segons les seves necessitats a Barcelona, Tarragona i Lleida.[\/vc_cta][\/vc_column_inner][\/vc_row_inner][\/vc_column][\/vc_row]<\/p>\n","protected":false},"excerpt":{"rendered":"<p>[vc_row css=&#8221;.vc_custom_1483873427941{margin-top: -60px !important;padding-top: 40px !important;}&#8221;][vc_column width=&#8221;7\/12&#8243;][pbr_title_heading title=&#8221;Qui som?&#8221; descript=&#8221;Especialistes en l&#8217;arrendament residencial.&#8221; style=&#8221;style-2&#8243;][vc_column_text] BARCEVALL SLU en una societat patrimonial constitu\u00efda l&#8217;any 1989. Inicia les seves activitats a Barcelona, estenent-les posteriorment a les ciutats de Tarragona i Lleida. Despr\u00e9s de m\u00e9s de 27 anys d&#8217;experi\u00e8ncia, atenent les necessitats residencials del mercat i la demanda de &hellip; <a href=\"https:\/\/barcevall.com\/ca\/sobre-nosaltres\/\" class=\"more-link\">Continue reading <span class=\"screen-reader-text\">Sobre nosaltres<\/span> <span class=\"meta-nav\">&rarr;<\/span><\/a><\/p>\n","protected":false},"author":1,"featured_media":0,"parent":0,"menu_order":0,"comment_status":"closed","ping_status":"closed","template":"","meta":[],"_links":{"self":[{"href":"https:\/\/barcevall.com\/ca\/wp-json\/wp\/v2\/pages\/9919"}],"collection":[{"href":"https:\/\/barcevall.com\/ca\/wp-json\/wp\/v2\/pages"}],"about":[{"href":"https:\/\/barcevall.com\/ca\/wp-json\/wp\/v2\/types\/page"}],"author":[{"embeddable":true,"href":"https:\/\/barcevall.com\/ca\/wp-json\/wp\/v2\/users\/1"}],"replies":[{"embeddable":true,"href":"https:\/\/barcevall.com\/ca\/wp-json\/wp\/v2\/comments?post=9919"}],"version-history":[{"count":9,"href":"https:\/\/barcevall.com\/ca\/wp-json\/wp\/v2\/pages\/9919\/revisions"}],"predecessor-version":[{"id":9930,"href":"https:\/\/barcevall.com\/ca\/wp-json\/wp\/v2\/pages\/9919\/revisions\/9930"}],"wp:attachment":[{"href":"https:\/\/barcevall.com\/ca\/wp-json\/wp\/v2\/media?parent=9919"}],"curies":[{"name":"wp","href":"https:\/\/api.w.org\/{rel}","templated":true}]}}