{"id":9938,"date":"2017-01-08T13:02:48","date_gmt":"2017-01-08T12:02:48","guid":{"rendered":"http:\/\/barcevall.com\/ca\/?page_id=9938"},"modified":"2017-01-08T16:32:43","modified_gmt":"2017-01-08T15:32:43","slug":"contacte","status":"publish","type":"page","link":"https:\/\/barcevall.com\/ca\/contacte\/","title":{"rendered":"Contacte"},"content":{"rendered":"<p>[vc_row css=&#8221;.vc_custom_1483889556646{margin-bottom: 60px !important;}&#8221;][vc_column width=&#8221;1\/2&#8243;][pbr_title_heading title=&#8221;BARCEVALL SLU&#8221; descript=&#8221;Especialistes en l&#8217;arrendament residencial.&#8221; style=&#8221;style-2&#8243;][vc_column_text]<\/p>\n<p style=\"text-align: justify;\">Pot posar-se en contacte amb nosaltres per realitzar consultes o solucionar qualsevol dubte que pugui tenir. Estarem encantats d&#8217;atendre&#8217;l i ens posarem en contacte amb vost\u00e8 el m\u00e9s aviat possible.<\/p>\n<p style=\"text-align: justify;\">Gr\u00e0cies per la seva atenci\u00f3, una salutaci\u00f3.<\/p>\n<p>[\/vc_column_text][vc_row_inner][vc_column_inner width=&#8221;1\/2&#8243;][vc_cta h2=&#8221;&#8221; h2_font_container=&#8221;font_size:24px|line_height:24px&#8221; h2_google_fonts=&#8221;font_family:Montserrat%3Aregular%2C700|font_style:400%20regular%3A400%3Anormal&#8221; style=&#8221;custom&#8221; add_icon=&#8221;left&#8221; i_icon_fontawesome=&#8221;fa fa-building&#8221; i_size=&#8221;sm&#8221; i_colorstyle=&#8221;text-primary&#8221; use_custom_fonts_h2=&#8221;true&#8221; i_on_border=&#8221;true&#8221; h2_el_class=&#8221;space-margin-top-0p space-margin-bottom-0p&#8221; i_el_class=&#8221;space-margin-right-25p&#8221; css=&#8221;.vc_custom_1483876504557{border-bottom-width: 0px !important;padding-top: 0px !important;}&#8221;]Avda.\u00a0Diagonal 537 6\u00bab<br \/>\n08029, Barcelona[\/vc_cta][vc_cta h2=&#8221;&#8221; h2_font_container=&#8221;font_size:24px|line_height:24px&#8221; h2_google_fonts=&#8221;font_family:Montserrat%3Aregular%2C700|font_style:400%20regular%3A400%3Anormal&#8221; style=&#8221;custom&#8221; add_icon=&#8221;left&#8221; i_icon_fontawesome=&#8221;fa fa-phone-square&#8221; i_size=&#8221;sm&#8221; i_colorstyle=&#8221;text-primary&#8221; use_custom_fonts_h2=&#8221;true&#8221; i_on_border=&#8221;true&#8221; i_el_class=&#8221;space-margin-right-25p&#8221; css=&#8221;.vc_custom_1483876709317{padding-top: 0px !important;padding-bottom: 0px !important;}&#8221;]Tel\u00e8fon<br \/>\n+34 977 24 44 23[\/vc_cta][\/vc_column_inner][vc_column_inner width=&#8221;1\/2&#8243;][vc_cta h2=&#8221;&#8221; h2_font_container=&#8221;font_size:24px|line_height:24px&#8221; h2_google_fonts=&#8221;font_family:Montserrat%3Aregular%2C700|font_style:400%20regular%3A400%3Anormal&#8221; style=&#8221;custom&#8221; add_icon=&#8221;left&#8221; i_icon_fontawesome=&#8221;fa fa-calendar&#8221; i_size=&#8221;sm&#8221; i_colorstyle=&#8221;text-primary&#8221; use_custom_fonts_h2=&#8221;true&#8221; i_on_border=&#8221;true&#8221; h2_el_class=&#8221;space-margin-top-0p space-margin-bottom-0p&#8221; i_el_class=&#8221;space-margin-right-25p&#8221; css=&#8221;.vc_custom_1483876493705{padding-top: 0px !important;padding-bottom: 0px !important;}&#8221;]De dilluns a divendres<br \/>\n9&#8217;00 a 13&#8217;00 i 16:00-19:00[\/vc_cta][vc_cta h2=&#8221;&#8221; h2_font_container=&#8221;font_size:24px|line_height:24px&#8221; h2_google_fonts=&#8221;font_family:Montserrat%3Aregular%2C700|font_style:400%20regular%3A400%3Anormal&#8221; style=&#8221;custom&#8221; add_icon=&#8221;left&#8221; i_icon_fontawesome=&#8221;fa fa-envelope&#8221; i_size=&#8221;sm&#8221; i_colorstyle=&#8221;text-primary&#8221; use_custom_fonts_h2=&#8221;true&#8221; i_on_border=&#8221;true&#8221; h2_el_class=&#8221;space-margin-top-0p space-margin-bottom-0p&#8221; i_el_class=&#8221;space-margin-right-25p&#8221; css=&#8221;.vc_custom_1483876843584{padding-top: 0px !important;padding-bottom: 0px !important;}&#8221;]Correu electr\u00f2nic<br \/>\ninfo@barcevall.com[\/vc_cta][\/vc_column_inner][\/vc_row_inner][\/vc_column][vc_column width=&#8221;1\/2&#8243;]<div role=\"form\" class=\"wpcf7\" id=\"wpcf7-f9940-o1\" lang=\"es-ES\" dir=\"ltr\">\n<div class=\"screen-reader-response\"><p role=\"status\" aria-live=\"polite\" aria-atomic=\"true\"><\/p> <ul><\/ul><\/div>\n<form action=\"\/ca\/wp-json\/wp\/v2\/pages\/9938#wpcf7-f9940-o1\" method=\"post\" class=\"wpcf7-form init\" novalidate=\"novalidate\" data-status=\"init\">\n<div style=\"display: none;\">\n<input type=\"hidden\" name=\"_wpcf7\" value=\"9940\" \/>\n<input type=\"hidden\" name=\"_wpcf7_version\" value=\"5.4.2\" \/>\n<input type=\"hidden\" name=\"_wpcf7_locale\" value=\"es_ES\" \/>\n<input type=\"hidden\" name=\"_wpcf7_unit_tag\" value=\"wpcf7-f9940-o1\" \/>\n<input type=\"hidden\" name=\"_wpcf7_container_post\" value=\"0\" \/>\n<input type=\"hidden\" name=\"_wpcf7_posted_data_hash\" value=\"\" \/>\n<\/div>\n<h4 class=\"form-title text-center\">Formulari de contacte<\/h4>\n<div class=\"contact-form-3\">\n<div class=\"row contact-form-3\">\n<div class=\"col-lg-4 col-md-4 col-sm-12 col-xs-12\">\n<div class=\"form-group\">\n\t<label for=\"nombre\">El seu nom<\/label><br \/>\n        <span class=\"wpcf7-form-control-wrap nombre\"><input type=\"text\" name=\"nombre\" value=\"\" size=\"40\" class=\"wpcf7-form-control wpcf7-text wpcf7-validates-as-required form-control\" aria-required=\"true\" aria-invalid=\"false\" \/><\/span>\n      <\/div>\n<\/div>\n<div class=\"col-lg-4 col-md-4 col-sm-12 col-xs-12\">\n<div class=\"form-group\">\n\t<label for=\"correo\">Email<\/label><br \/>\n\t<span class=\"wpcf7-form-control-wrap correo\"><input type=\"email\" name=\"correo\" value=\"\" size=\"40\" class=\"wpcf7-form-control wpcf7-text wpcf7-email wpcf7-validates-as-required wpcf7-validates-as-email form-control\" aria-required=\"true\" aria-invalid=\"false\" \/><\/span>\n      <\/div>\n<\/div>\n<div class=\"col-lg-4 col-md-4 col-sm-12 col-xs-12\">\n<div class=\"form-group\">\n\t<label for=\"asunto\">Assumpte<\/label><br \/>\n\t<span class=\"wpcf7-form-control-wrap asunto\"><input type=\"text\" name=\"asunto\" value=\"\" size=\"40\" class=\"wpcf7-form-control wpcf7-text form-control\" aria-invalid=\"false\" \/><\/span>\n      <\/div>\n<\/div>\n<\/div>\n<div class=\"form-group\">\n\t<label for=\"mensaje\">Text del missatge<\/label><br \/>\n\t<span class=\"wpcf7-form-control-wrap mensaje\"><textarea name=\"mensaje\" cols=\"40\" rows=\"10\" class=\"wpcf7-form-control wpcf7-textarea form-control\" aria-invalid=\"false\"><\/textarea><\/span>\n<\/div>\n<div class=\"form-group text-center\">\n\t<input type=\"submit\" value=\"Send\" class=\"wpcf7-form-control wpcf7-submit btn btn-primary radius-6x text-uppercase\" id=\"btnenviar\" \/>\n<\/div>\n<\/div>\n<div class=\"wpcf7-response-output\" aria-hidden=\"true\"><\/div><\/form><\/div>[\/vc_column][\/vc_row][vc_row full_width=&#8221;stretch_row_content_no_spaces&#8221; isfullwidth=&#8221;0&#8243; css=&#8221;.vc_custom_1483889516820{margin-right: 0px !important;margin-bottom: 0px !important;margin-left: 0px !important;border-right-width: 0px !important;padding-bottom: 0px !important;padding-left: 0px !important;}&#8221;][vc_column][vc_gmaps link=&#8221;#E-8_JTNDaWZyYW1lJTIwc3JjJTNEJTIyaHR0cHMlM0ElMkYlMkZ3d3cuZ29vZ2xlLmNvbSUyRm1hcHMlMkZlbWJlZCUzRnBiJTNEJTIxMW0xOCUyMTFtMTIlMjExbTMlMjExZDI5OTMuMjM1NDk3OTE5NzM4NSUyMTJkMi4xMzU4NDA0MTU3MjAyMDMlMjEzZDQxLjM5MDY5MTgwMzc1MjY0NSUyMTJtMyUyMTFmMCUyMTJmMCUyMTNmMCUyMTNtMiUyMTFpMTAyNCUyMTJpNzY4JTIxNGYxMy4xJTIxM20zJTIxMW0yJTIxMXMweDEyYTQ5ODdhNjQ5MTkyYjclMjUzQTB4N2FmNzU1Y2E4YzhkNGY1NSUyMTJzQXZpbmd1ZGElMkJEaWFnb25hbCUyNTJDJTJCNTM3JTI1MkMlMkIwODAyOSUyQkJhcmNlbG9uYSUyNTJDJTJCRXNwYSUyNUMzJTI1QjFhJTIxNWUwJTIxM20yJTIxMXNlcyUyMTJzdXMlMjE0djE0ODIyNDY5Njk1ODMlMjIlMjB3aWR0aCUzRCUyMjYwMCUyMiUyMGhlaWdodCUzRCUyMjQ1MCUyMiUyMGZyYW1lYm9yZGVyJTNEJTIyMCUyMiUyMHN0eWxlJTNEJTIyYm9yZGVyJTNBMCUyMiUyMGFsbG93ZnVsbHNjcmVlbiUzRSUzQyUyRmlmcmFtZSUzRQ==&#8221; size=&#8221;300px&#8221; css=&#8221;.vc_custom_1483889407715{margin-right: 0px !important;margin-bottom: 0px !important;margin-left: 0px !important;padding-top: 0px !important;padding-right: 0px !important;padding-bottom: 0px !important;padding-left: 0px !important;}&#8221;][\/vc_column][\/vc_row]<\/p>\n","protected":false},"excerpt":{"rendered":"<p>[vc_row css=&#8221;.vc_custom_1483889556646{margin-bottom: 60px !important;}&#8221;][vc_column width=&#8221;1\/2&#8243;][pbr_title_heading title=&#8221;BARCEVALL SLU&#8221; descript=&#8221;Especialistes en l&#8217;arrendament residencial.&#8221; style=&#8221;style-2&#8243;][vc_column_text] Pot posar-se en contacte amb nosaltres per realitzar consultes o solucionar qualsevol dubte que pugui tenir. Estarem encantats d&#8217;atendre&#8217;l i ens posarem en contacte amb vost\u00e8 el m\u00e9s aviat possible. Gr\u00e0cies per la seva atenci\u00f3, una salutaci\u00f3. [\/vc_column_text][vc_row_inner][vc_column_inner width=&#8221;1\/2&#8243;][vc_cta h2=&#8221;&#8221; h2_font_container=&#8221;font_size:24px|line_height:24px&#8221; h2_google_fonts=&#8221;font_family:Montserrat%3Aregular%2C700|font_style:400%20regular%3A400%3Anormal&#8221; style=&#8221;custom&#8221; &hellip; <a href=\"https:\/\/barcevall.com\/ca\/contacte\/\" class=\"more-link\">Continue reading <span class=\"screen-reader-text\">Contacte<\/span> <span class=\"meta-nav\">&rarr;<\/span><\/a><\/p>\n","protected":false},"author":1,"featured_media":0,"parent":0,"menu_order":0,"comment_status":"closed","ping_status":"closed","template":"","meta":[],"_links":{"self":[{"href":"https:\/\/barcevall.com\/ca\/wp-json\/wp\/v2\/pages\/9938"}],"collection":[{"href":"https:\/\/barcevall.com\/ca\/wp-json\/wp\/v2\/pages"}],"about":[{"href":"https:\/\/barcevall.com\/ca\/wp-json\/wp\/v2\/types\/page"}],"author":[{"embeddable":true,"href":"https:\/\/barcevall.com\/ca\/wp-json\/wp\/v2\/users\/1"}],"replies":[{"embeddable":true,"href":"https:\/\/barcevall.com\/ca\/wp-json\/wp\/v2\/comments?post=9938"}],"version-history":[{"count":7,"href":"https:\/\/barcevall.com\/ca\/wp-json\/wp\/v2\/pages\/9938\/revisions"}],"predecessor-version":[{"id":9956,"href":"https:\/\/barcevall.com\/ca\/wp-json\/wp\/v2\/pages\/9938\/revisions\/9956"}],"wp:attachment":[{"href":"https:\/\/barcevall.com\/ca\/wp-json\/wp\/v2\/media?parent=9938"}],"curies":[{"name":"wp","href":"https:\/\/api.w.org\/{rel}","templated":true}]}}