{"id":10031,"date":"2017-01-12T00:00:59","date_gmt":"2017-01-11T23:00:59","guid":{"rendered":"http:\/\/barcevall.com\/en\/aviso-legal\/"},"modified":"2017-01-12T00:00:59","modified_gmt":"2017-01-11T23:00:59","slug":"aviso-legal","status":"publish","type":"page","link":"https:\/\/barcevall.com\/en\/aviso-legal\/","title":{"rendered":"Aviso legal"},"content":{"rendered":"<p>[vc_row][vc_column][vc_column_text]<\/p>\n<p style=\"text-align: justify;\"><strong>POLITICA DE PRIVACIDAD<\/strong><\/p>\n<p style=\"text-align: justify;\">Las p\u00e1ginas de <strong>barcevall.com<\/strong>\u00a0son propiedad de Barcevall SLU. (<strong>BARCEVALL\u00a0<\/strong>de ahora en adelante) con C.I.F B-59083659 , domiciliada en Avda Diagonal 537 6\u00bab 08029\u00a0Barcelona.<\/p>\n<p style=\"text-align: justify;\">Datos de Contacto: \u2028\u2028Tel\u00e9fono: + 34 977 24 44 23 E-mail: info@barcevall.com. \u2028\u2028Antes de utilizar nuestros servicios o utilizar estas p\u00e1ginas, lea el siguiente aviso legal, teniendo presente que si continua utilizando nuestros servicios o visitando estas p\u00e1ginas aceptar\u00e1 impl\u00edcitamente las condiciones de este aviso legal.<\/p>\n<p style=\"text-align: justify;\">El USUARIO se compromete a manipular estas p\u00e1ginas acorde a lo establecido en este aviso legal. En ning\u00fan caso, <strong>BARCEVALL\u00a0<\/strong>ser\u00e1 responsable de los da\u00f1os que pudiera causar el USUARIO por el uso err\u00f3neo o indebido de estas p\u00e1ginas o de cualquier servicio o contenido derivado de las mismas en relaciones con terceros, siendo responsabilidad \u00fanica y exclusiva del USUARIO de estas p\u00e1ginas. El USUARIO asumir\u00e1 todos los gastos, costas e indemnizaciones que pudieran derivarse de procesos iniciados contra \u00e9l por incumplimiento de lo establecido en el presente aviso legal.<\/p>\n<p style=\"text-align: justify;\"><strong>BARCEVALL\u00a0<\/strong>expone que toda la informaci\u00f3n incluida en estas p\u00e1ginas pertenece a contenido p\u00fablico recogido de p\u00e1ginas Web totalmente abiertas al p\u00fablico y que estos reconocen que son los \u00fanicos responsables de la veracidad de los datos y se hacen responsables de todas las acciones que terceros puedan interponer por raz\u00f3n a estos.<\/p>\n<p style=\"text-align: justify;\">El USUARIO no puede, excepto visualizar los datos e im\u00e1genes de estas p\u00e1ginas, realizar ning\u00fan tipo de acci\u00f3n en relaci\u00f3n a todo lo expuesto las mismas sin la autorizaci\u00f3n expresa de <strong>BARCEVALL\u00a0<\/strong><strong>.<\/strong><\/p>\n<p style=\"text-align: justify;\">El USUARIO, salvo autorizaci\u00f3n previa, expresa y escrita de <strong>BARCEVALL\u00a0<\/strong>, se compromete a utilizar la informaci\u00f3n contenida en estas p\u00e1ginas, exclusivamente para su visualizaci\u00f3n y a no realizar directa o indirectamente una explotaci\u00f3n comercial de los servicios a los que tiene acceso, asimismo, acepta no utilizar, trasladar, mercantilizar o disponer de la informaci\u00f3n incluida en estas p\u00e1ginas o servicios de forma que rivalice de manera desleal con <strong>BARCEVALL\u00a0<\/strong>o cualquiera de sus servicios relacionados.<\/p>\n<p style=\"text-align: justify;\">El USUARIO se compromete a no utilizar estas p\u00e1ginas o sus servicios y contenidos de forma contraria a lo dispuesto por la legislaci\u00f3n vigente que sea de aplicaci\u00f3n.<\/p>\n<p style=\"text-align: justify;\"><strong>BARCEVALL\u00a0<\/strong>se reserva el derecho a no conceder acceso a servicios y contenidos de la Web cuando as\u00ed lo estime seg\u00fan su Pol\u00edtica Comercial. \u2028De igual forma se reserva el derecho retirar el acceso a sus p\u00e1ginas, sin necesidad de previo aviso, a cualquier usuario que contravenga lo dispuesto en este aviso legal.<\/p>\n<p style=\"text-align: justify;\"><strong>PROPIEDAD INTELECTUAL E INDUSTRIAL<\/strong><\/p>\n<p style=\"text-align: justify;\"><strong>BARCEVALL\u00a0<\/strong>es titular de los derechos de Propiedad Industrial e Intelectual de los elementos que integran el dise\u00f1o gr\u00e1fico de su p\u00e1ginas, los men\u00fas, botones de navegaci\u00f3n , el c\u00f3digo PHP y HTML, los applets de Java o JavaScript, los controles de ActiveX, los textos, im\u00e1genes, texturas, gr\u00e1ficos y cualquier otro contenido de la p\u00e1gina web o , en cualquier caso, dispone de la correspondiente autorizaci\u00f3n para la utilizaci\u00f3n de dichos elementos.\u2028As\u00ed mismo, <strong>BARCEVALL\u00a0<\/strong>es titular de los derechos de propiedad industrial derivados del uso de marcas, signos distintivos y nombres comerciales que figuran en cualquiera de las p\u00e1ginas webs que integran <strong>BARCEVALL\u00a0<\/strong>o dispone de la correspondiente autorizaci\u00f3n para su utilizaci\u00f3n.<\/p>\n<p style=\"text-align: justify;\"><strong>BARCEVALL\u00a0<\/strong>se reserva los derechos de reproducci\u00f3n, transformaci\u00f3n, ajuste, comunicaci\u00f3n p\u00fablica, mantenimiento, correcci\u00f3n de errores, cesi\u00f3n, venta, alquiler, pr\u00e9stamo y cualquier otro derecho de propiedad intelectual o industrial que pueda incumbirle sobre los contenidos de sus p\u00e1ginas.<\/p>\n<p style=\"text-align: justify;\">Cualquier ejercicio de los anteriores derechos, con independencia del medio o forma en el que se produjeran, requiere autorizaci\u00f3n previa y por escrito de <strong>BARCEVALL\u00a0<\/strong>. \u2028En ning\u00fan caso, <strong>BARCEVALL\u00a0<\/strong>ser\u00e1 responsable de las posibles infracciones que en materia de propiedad intelectual o industrial pudiera cometer cualquier USUARIO dentro de estas p\u00e1ginas.<\/p>\n<p style=\"text-align: justify;\"><strong>BARCEVALL\u00a0<\/strong>, sus directivos y empleados, socios, as\u00ed como sus agentes no ser\u00e1n responsables de la veracidad, moralidad o fiabilidad de los datos u opiniones aportados por sus clientes, as\u00ed como tampoco se responsabilizar\u00e1n de cualquier tipo de opini\u00f3n o informaci\u00f3n que circule por la red.<\/p>\n<p style=\"text-align: justify;\"><strong>BARCEVALL\u00a0<\/strong>sus directivos y empleados, as\u00ed como sus agentes no ser\u00e1n responsables de las posibles infracciones de sus clientes que afecten a los derechos de otro cliente o de terceros en materia de derechos de marcas, patentes, informaci\u00f3n confidencial o cualquier otro derecho de propiedad intelectual o industrial.<\/p>\n<p style=\"text-align: justify;\"><strong>BARCEVALL\u00a0<\/strong>garantiza el correcto funcionamiento de sus p\u00e1ginas, todo y que no se har\u00e1 responsable de ning\u00fan da\u00f1o que se genere al usuario o a terceros en caso de imposibilidad de prestar servicio debido supuestos de caso fortuito, fuerza mayor o cualquier otra causa imputable o no a <strong>BARCEVALL\u00a0<\/strong>, o del mal funcionamiento temporal del sistema si responde a tareas de mantenimiento del mismo o a fallos que afecten a operadores o a una defectuosa configuraci\u00f3n de los equipos del USUARIO o por cualquier otro problema imputable al equipo del USUARIO.<\/p>\n<p style=\"text-align: justify;\">El contenido de este acuerdo y de nuestras p\u00e1ginas es exclusivamente para mayores de 18 a\u00f1os.<\/p>\n<p style=\"text-align: justify;\"><strong>CONTENIDOS<\/strong><\/p>\n<p style=\"text-align: justify;\"><strong>BARCEVALL\u00a0<\/strong>se reserva el derecho a modificar el contenido y elementos que integran sus p\u00e1ginas, sin necesidad de comunicarlo previamente, cuando lo estime conveniente de acuerdo con el ejercicio de sus servicios.<\/p>\n<p style=\"text-align: justify;\"><strong>BARCEVALL\u00a0<\/strong>no se responsabiliza de la integridad y veracidad del contenido de los enlaces a las webs a las que pueda accederse desde su p\u00e1gina, ni de aquellos contenidos que no hayan sido supervisados por <strong>BARCEVALL\u00a0<\/strong>.<\/p>\n<p style=\"text-align: justify;\"><strong>BARCEVALL\u00a0<\/strong>utiliza todos los medios de que dispone para no permitir la publicaci\u00f3n err\u00f3nea o no verdadera de los datos que en nuestras p\u00e1ginas no obstante, <strong>BARCEVALL\u00a0<\/strong>no garantiza la veracidad absoluta de todos los contenidos de sus p\u00e1ginas , ya que estos pueden estar sujetos a alg\u00fan tipo de error y por tanto no pueden tomarse como una oferta contractual y son datos meramente informativos y orientativos.<\/p>\n<p style=\"text-align: justify;\"><strong>BARCEVALL\u00a0<\/strong>se\u00f1ala la existencia de \u201ccookies\u201d en su p\u00e1gina web.<\/p>\n<p>[\/vc_column_text][\/vc_column][\/vc_row]<\/p>\n","protected":false},"excerpt":{"rendered":"<p>[vc_row][vc_column][vc_column_text] POLITICA DE PRIVACIDAD Las p\u00e1ginas de barcevall.com\u00a0son propiedad de Barcevall SLU. (BARCEVALL\u00a0de ahora en adelante) con C.I.F B-59083659 , domiciliada en Avda Diagonal 537 6\u00bab 08029\u00a0Barcelona. Datos de Contacto: \u2028\u2028Tel\u00e9fono: + 34 977 24 44 23 E-mail: info@barcevall.com. \u2028\u2028Antes de utilizar nuestros servicios o utilizar estas p\u00e1ginas, lea el siguiente aviso legal, teniendo presente &hellip; <a href=\"https:\/\/barcevall.com\/en\/aviso-legal\/\" class=\"more-link\">Continue reading <span class=\"screen-reader-text\">Aviso legal<\/span> <span class=\"meta-nav\">&rarr;<\/span><\/a><\/p>\n","protected":false},"author":1,"featured_media":0,"parent":0,"menu_order":0,"comment_status":"closed","ping_status":"closed","template":"","meta":[],"_links":{"self":[{"href":"https:\/\/barcevall.com\/en\/wp-json\/wp\/v2\/pages\/10031"}],"collection":[{"href":"https:\/\/barcevall.com\/en\/wp-json\/wp\/v2\/pages"}],"about":[{"href":"https:\/\/barcevall.com\/en\/wp-json\/wp\/v2\/types\/page"}],"author":[{"embeddable":true,"href":"https:\/\/barcevall.com\/en\/wp-json\/wp\/v2\/users\/1"}],"replies":[{"embeddable":true,"href":"https:\/\/barcevall.com\/en\/wp-json\/wp\/v2\/comments?post=10031"}],"version-history":[{"count":0,"href":"https:\/\/barcevall.com\/en\/wp-json\/wp\/v2\/pages\/10031\/revisions"}],"wp:attachment":[{"href":"https:\/\/barcevall.com\/en\/wp-json\/wp\/v2\/media?parent=10031"}],"curies":[{"name":"wp","href":"https:\/\/api.w.org\/{rel}","templated":true}]}}